{"id":149,"date":"2012-03-12T18:26:46","date_gmt":"2012-03-12T18:26:46","guid":{"rendered":"http:\/\/www.encontravoltaredonda.com.br\/noticias\/"},"modified":"2013-08-15T15:21:33","modified_gmt":"2013-08-15T18:21:33","slug":"sobre-o-blog","status":"publish","type":"page","link":"https:\/\/www.encontravoltaredonda.com.br\/noticias\/sobre-o-blog\/","title":{"rendered":"Sobre o blog"},"content":{"rendered":"<p><strong>SOBRE O ENCONTRA RIO DE JANEIRO\u2026\u2026\u2026\u2026\u2026\u2026\u2026\u2026\u2026\u2026\u2026\u2026\u2026\u2026.<\/strong><\/p>\n<p><strong><\/strong>O\u00a0<strong>Encontra Rio de Janeiro<\/strong> \u00e9 um guia que re\u00fane informa\u00e7\u00f5es de empresas e prestadores de servi\u00e7os instalados em todas as regi\u00f5es do estado do Rio de Janeiro.\u00a0As p\u00e1ginas do Encontra Rio de Janeiro\u00a0englobam milhares de com\u00e9rcios de diversos segmentos divididos em categorias de A a Z.<\/p>\n<p>Al\u00e9m dos sites, desde 2008 o Encontra Rio de Janeiro mant\u00e9m uma rede de mais de 200 blogs de not\u00edcias com conte\u00fado atualizado diariamente.<\/p>\n<p>As publica\u00e7\u00f5es dos blogs abrangem not\u00edcias, eventos culturais, dicas de empregos, shows, cursos, al\u00e9m de um espa\u00e7o direcionado \u00e0 participa\u00e7\u00e3o dos moradores.<\/p>\n<p><strong>ENVIAR NOT\u00cdCIAS<\/strong>:<strong>\u2026\u2026\u2026\u2026\u2026\u2026\u2026\u2026\u2026\u2026\u2026\u2026\u2026\u2026\u2026\u2026\u2026\u2026\u2026\u2026\u2026..<\/strong><\/p>\n<p><strong><\/strong>O e-mail para envio \u00e9:\u00a0<\/p>\n<p><strong>CONTATOS<\/strong>:<strong>\u2026\u2026\u2026\u2026\u2026\u2026\u2026\u2026\u2026\u2026<\/strong><\/p>\n<p><strong><\/strong>Telefones:\u00a0<br \/>\nE-mail:\u00a0<\/p>\n","protected":false},"excerpt":{"rendered":"<p>SOBRE O ENCONTRA RIO DE JANEIRO\u2026\u2026\u2026\u2026\u2026\u2026\u2026\u2026\u2026\u2026\u2026\u2026\u2026\u2026. O\u00a0Encontra Rio de Janeiro \u00e9 um guia que re\u00fane informa\u00e7\u00f5es de empresas e prestadores de servi\u00e7os instalados em todas as regi\u00f5es do estado do Rio de Janeiro.\u00a0As p\u00e1ginas do Encontra Rio de Janeiro\u00a0englobam milhares de com\u00e9rcios de diversos segmentos divididos em categorias de A a Z. Al\u00e9m dos sites, [&hellip;]<\/p>\n","protected":false},"author":1,"featured_media":0,"parent":0,"menu_order":0,"comment_status":"open","ping_status":"open","template":"","meta":{"footnotes":""},"class_list":["post-149","page","type-page","status-publish","hentry"],"yoast_head":"<!-- This site is optimized with the Yoast SEO plugin v25.9 - https:\/\/yoast.com\/wordpress\/plugins\/seo\/ -->\n<title>Sobre o blog - Not\u00edcias da Cidade Volta Redonda<\/title>\n<meta name=\"robots\" content=\"index, follow, max-snippet:-1, max-image-preview:large, max-video-preview:-1\" \/>\n<link rel=\"canonical\" href=\"https:\/\/www.encontravoltaredonda.com.br\/noticias\/sobre-o-blog\/\" \/>\n<meta property=\"og:locale\" content=\"pt_BR\" \/>\n<meta property=\"og:type\" content=\"article\" \/>\n<meta property=\"og:title\" content=\"Sobre o blog - Not\u00edcias da Cidade Volta Redonda\" \/>\n<meta property=\"og:description\" content=\"SOBRE O ENCONTRA RIO DE JANEIRO\u2026\u2026\u2026\u2026\u2026\u2026\u2026\u2026\u2026\u2026\u2026\u2026\u2026\u2026. O\u00a0Encontra Rio de Janeiro \u00e9 um guia que re\u00fane informa\u00e7\u00f5es de empresas e prestadores de servi\u00e7os instalados em todas as regi\u00f5es do estado do Rio de Janeiro.\u00a0As p\u00e1ginas do Encontra Rio de Janeiro\u00a0englobam milhares de com\u00e9rcios de diversos segmentos divididos em categorias de A a Z. Al\u00e9m dos sites, [&hellip;]\" \/>\n<meta property=\"og:url\" content=\"https:\/\/www.encontravoltaredonda.com.br\/noticias\/sobre-o-blog\/\" \/>\n<meta property=\"og:site_name\" content=\"Not\u00edcias da Cidade Volta Redonda\" \/>\n<meta property=\"article:modified_time\" content=\"2013-08-15T18:21:33+00:00\" \/>\n<meta name=\"twitter:card\" content=\"summary_large_image\" \/>\n<meta name=\"twitter:label1\" content=\"Est. tempo de leitura\" \/>\n\t<meta name=\"twitter:data1\" content=\"1 minuto\" \/>\n<script type=\"application\/ld+json\" class=\"yoast-schema-graph\">{\"@context\":\"https:\/\/schema.org\",\"@graph\":[{\"@type\":\"WebPage\",\"@id\":\"https:\/\/www.encontravoltaredonda.com.br\/noticias\/sobre-o-blog\/\",\"url\":\"https:\/\/www.encontravoltaredonda.com.br\/noticias\/sobre-o-blog\/\",\"name\":\"Sobre o blog - Not\u00edcias da Cidade Volta Redonda\",\"isPartOf\":{\"@id\":\"https:\/\/www.encontravoltaredonda.com.br\/noticias\/#website\"},\"datePublished\":\"2012-03-12T18:26:46+00:00\",\"dateModified\":\"2013-08-15T18:21:33+00:00\",\"breadcrumb\":{\"@id\":\"https:\/\/www.encontravoltaredonda.com.br\/noticias\/sobre-o-blog\/#breadcrumb\"},\"inLanguage\":\"pt-BR\",\"potentialAction\":[{\"@type\":\"ReadAction\",\"target\":[\"https:\/\/www.encontravoltaredonda.com.br\/noticias\/sobre-o-blog\/\"]}]},{\"@type\":\"BreadcrumbList\",\"@id\":\"https:\/\/www.encontravoltaredonda.com.br\/noticias\/sobre-o-blog\/#breadcrumb\",\"itemListElement\":[{\"@type\":\"ListItem\",\"position\":1,\"name\":\"In\u00edcio\",\"item\":\"https:\/\/www.encontravoltaredonda.com.br\/noticias\/\"},{\"@type\":\"ListItem\",\"position\":2,\"name\":\"Sobre o blog\"}]},{\"@type\":\"WebSite\",\"@id\":\"https:\/\/www.encontravoltaredonda.com.br\/noticias\/#website\",\"url\":\"https:\/\/www.encontravoltaredonda.com.br\/noticias\/\",\"name\":\"Not\u00edcias da Cidade Volta Redonda\",\"description\":\"Not\u00edcias, eventos, informa\u00e7\u00f5es e dicas da cidade de Volta Redonda e regi\u00e3o\",\"potentialAction\":[{\"@type\":\"SearchAction\",\"target\":{\"@type\":\"EntryPoint\",\"urlTemplate\":\"https:\/\/www.encontravoltaredonda.com.br\/noticias\/?s={search_term_string}\"},\"query-input\":{\"@type\":\"PropertyValueSpecification\",\"valueRequired\":true,\"valueName\":\"search_term_string\"}}],\"inLanguage\":\"pt-BR\"}]}<\/script>\n<!-- \/ Yoast SEO plugin. -->","yoast_head_json":{"title":"Sobre o blog - Not\u00edcias da Cidade Volta Redonda","robots":{"index":"index","follow":"follow","max-snippet":"max-snippet:-1","max-image-preview":"max-image-preview:large","max-video-preview":"max-video-preview:-1"},"canonical":"https:\/\/www.encontravoltaredonda.com.br\/noticias\/sobre-o-blog\/","og_locale":"pt_BR","og_type":"article","og_title":"Sobre o blog - Not\u00edcias da Cidade Volta Redonda","og_description":"SOBRE O ENCONTRA RIO DE JANEIRO\u2026\u2026\u2026\u2026\u2026\u2026\u2026\u2026\u2026\u2026\u2026\u2026\u2026\u2026. O\u00a0Encontra Rio de Janeiro \u00e9 um guia que re\u00fane informa\u00e7\u00f5es de empresas e prestadores de servi\u00e7os instalados em todas as regi\u00f5es do estado do Rio de Janeiro.\u00a0As p\u00e1ginas do Encontra Rio de Janeiro\u00a0englobam milhares de com\u00e9rcios de diversos segmentos divididos em categorias de A a Z. Al\u00e9m dos sites, [&hellip;]","og_url":"https:\/\/www.encontravoltaredonda.com.br\/noticias\/sobre-o-blog\/","og_site_name":"Not\u00edcias da Cidade Volta Redonda","article_modified_time":"2013-08-15T18:21:33+00:00","twitter_card":"summary_large_image","twitter_misc":{"Est. tempo de leitura":"1 minuto"},"schema":{"@context":"https:\/\/schema.org","@graph":[{"@type":"WebPage","@id":"https:\/\/www.encontravoltaredonda.com.br\/noticias\/sobre-o-blog\/","url":"https:\/\/www.encontravoltaredonda.com.br\/noticias\/sobre-o-blog\/","name":"Sobre o blog - Not\u00edcias da Cidade Volta Redonda","isPartOf":{"@id":"https:\/\/www.encontravoltaredonda.com.br\/noticias\/#website"},"datePublished":"2012-03-12T18:26:46+00:00","dateModified":"2013-08-15T18:21:33+00:00","breadcrumb":{"@id":"https:\/\/www.encontravoltaredonda.com.br\/noticias\/sobre-o-blog\/#breadcrumb"},"inLanguage":"pt-BR","potentialAction":[{"@type":"ReadAction","target":["https:\/\/www.encontravoltaredonda.com.br\/noticias\/sobre-o-blog\/"]}]},{"@type":"BreadcrumbList","@id":"https:\/\/www.encontravoltaredonda.com.br\/noticias\/sobre-o-blog\/#breadcrumb","itemListElement":[{"@type":"ListItem","position":1,"name":"In\u00edcio","item":"https:\/\/www.encontravoltaredonda.com.br\/noticias\/"},{"@type":"ListItem","position":2,"name":"Sobre o blog"}]},{"@type":"WebSite","@id":"https:\/\/www.encontravoltaredonda.com.br\/noticias\/#website","url":"https:\/\/www.encontravoltaredonda.com.br\/noticias\/","name":"Not\u00edcias da Cidade Volta Redonda","description":"Not\u00edcias, eventos, informa\u00e7\u00f5es e dicas da cidade de Volta Redonda e regi\u00e3o","potentialAction":[{"@type":"SearchAction","target":{"@type":"EntryPoint","urlTemplate":"https:\/\/www.encontravoltaredonda.com.br\/noticias\/?s={search_term_string}"},"query-input":{"@type":"PropertyValueSpecification","valueRequired":true,"valueName":"search_term_string"}}],"inLanguage":"pt-BR"}]}},"_links":{"self":[{"href":"https:\/\/www.encontravoltaredonda.com.br\/noticias\/wp-json\/wp\/v2\/pages\/149","targetHints":{"allow":["GET"]}}],"collection":[{"href":"https:\/\/www.encontravoltaredonda.com.br\/noticias\/wp-json\/wp\/v2\/pages"}],"about":[{"href":"https:\/\/www.encontravoltaredonda.com.br\/noticias\/wp-json\/wp\/v2\/types\/page"}],"author":[{"embeddable":true,"href":"https:\/\/www.encontravoltaredonda.com.br\/noticias\/wp-json\/wp\/v2\/users\/1"}],"replies":[{"embeddable":true,"href":"https:\/\/www.encontravoltaredonda.com.br\/noticias\/wp-json\/wp\/v2\/comments?post=149"}],"version-history":[{"count":5,"href":"https:\/\/www.encontravoltaredonda.com.br\/noticias\/wp-json\/wp\/v2\/pages\/149\/revisions"}],"predecessor-version":[{"id":381,"href":"https:\/\/www.encontravoltaredonda.com.br\/noticias\/wp-json\/wp\/v2\/pages\/149\/revisions\/381"}],"wp:attachment":[{"href":"https:\/\/www.encontravoltaredonda.com.br\/noticias\/wp-json\/wp\/v2\/media?parent=149"}],"curies":[{"name":"wp","href":"https:\/\/api.w.org\/{rel}","templated":true}]}}